{"id":19,"date":"2022-09-29T08:34:08","date_gmt":"2022-09-29T08:34:08","guid":{"rendered":"https:\/\/iviaggidisara.com\/?page_id=19"},"modified":"2024-08-14T09:16:16","modified_gmt":"2024-08-14T09:16:16","slug":"stupidi-pensie","status":"publish","type":"page","link":"https:\/\/iviaggidisara.com\/?page_id=19","title":{"rendered":"Il mio libro"},"content":{"rendered":"\n<div class=\"wp-block-columns is-layout-flex wp-container-core-columns-is-layout-9d6595d7 wp-block-columns-is-layout-flex\">\n<div class=\"wp-block-column is-layout-flow wp-block-column-is-layout-flow\" style=\"flex-basis:33.33%\"><div class=\"wp-block-image\">\n<figure class=\"aligncenter size-full is-resized\"><img loading=\"lazy\" decoding=\"async\" width=\"977\" height=\"1561\" src=\"https:\/\/iviaggidisara.com\/wp-content\/uploads\/2024\/08\/modello-copertina-copia.jpg\" alt=\"\" class=\"wp-image-185\" style=\"width:211px;height:auto\" srcset=\"https:\/\/iviaggidisara.com\/wp-content\/uploads\/2024\/08\/modello-copertina-copia.jpg 977w, https:\/\/iviaggidisara.com\/wp-content\/uploads\/2024\/08\/modello-copertina-copia-188x300.jpg 188w, https:\/\/iviaggidisara.com\/wp-content\/uploads\/2024\/08\/modello-copertina-copia-641x1024.jpg 641w, https:\/\/iviaggidisara.com\/wp-content\/uploads\/2024\/08\/modello-copertina-copia-768x1227.jpg 768w, https:\/\/iviaggidisara.com\/wp-content\/uploads\/2024\/08\/modello-copertina-copia-961x1536.jpg 961w\" sizes=\"auto, (max-width: 977px) 100vw, 977px\" \/><\/figure>\n<\/div><\/div>\n\n\n\n<div class=\"wp-block-column is-layout-flow wp-block-column-is-layout-flow\" style=\"flex-basis:66.66%\">\n<h4 class=\"wp-block-heading has-background\" style=\"background-color:#83b5c78f\">Stupidi Pensieri<\/h4>\n\n\n\n<p>&#8216;Stupidi Pensieri&#8217; \u00e8 il mio primo libro, ma parlando subito di cose importanti, \u00e8 abbastanza breve, perci\u00f2 adatto a tutti, a chi si divora mega libri in un giorno e a chi, come me, leggere non piace cos\u00ec tanto. La cosa che i miei lettori avranno in comune \u00e8 la voglia di sentirsi uniti e uguali nelle nostre diversit\u00e0. <\/p>\n<\/div>\n<\/div>\n\n\n\n<h3 class=\"wp-block-heading has-background\" style=\"background-color:#83b5c78f\">Di cosa parla il libro?<\/h3>\n\n\n\n<p>&#8216;Stupidi Pensieri&#8217; \u00e8 il diario di una ragazza come tante, all&#8217;interno cerco di esprimere al meglio i miei sentimenti e i pensieri che sono come pillole dure da ingoiare.<br>Mi lascio trascinare dalle emozioni mie e del lettore, si affrontano temi comuni ma di cui non si parla mai abbastanza.<br>Degli stadi che affronta un adolescente nel corso della sua crescita personale.<br>Si parla di amore, nel suo stato pi\u00f9 puro, quando ti fa venire le farfalle nello stomaco e quando ti fa credere di non saper amare per nulla; si parla dell&#8217;odio che una persona pu\u00f2 provare guardandosi allo specchio e della forza con la quale un semplice ragazzo pu\u00f2 rimboccarsi le maniche e lottare ogni giorno per svegliarsi con il sorriso.<br>Si parla anche del futuro, un futuro che per i giovani ormai sembra solo un illusione, del fatto che non ci vogliamo amalgamare a questa societ\u00e0 vivendo una vita ordinaria solo perch\u00e9 le vecchie generazioni ci hanno lasciato questo stampino. <\/p>\n\n\n\n<p><\/p>\n\n\n\n<h4 class=\"wp-block-heading has-background\" style=\"background-color:#83b5c78f\">SIAMO GIOVANI!<\/h4>\n\n\n\n<p>Vogliamo vivere sognando e non cancellare il bambino che \u00e8 in noi.<br>Prendere le nostre debolezze, le nostre delusioni e farne un punto di forza, per permettere a chi verr\u00e0 dopo di noi di essere e fare ci\u00f2 che ama.<br>Siamo giovani e non vogliamo fare gli stessi errori di chi c&#8217;era prima di noi.<br>Ci sentiamo soli in mezzo ad un mondo che si sta disintegrando, in mezzo ad un mondo che ti porta a disintegrarti dentro con tutti questi stupidi pensieri.<\/p>\n\n\n\n<p class=\"has-text-color\" style=\"color:#1c7e9cbf\">Caro lettore, con questo libro non voglio diventare famosa, con questo libro voglio dirti che non sei da solo.<\/p>\n","protected":false},"excerpt":{"rendered":"<p>Stupidi Pensieri &#8216;Stupidi Pensieri&#8217; \u00e8 il mio primo libro, ma parlando subito di cose importanti, \u00e8 abbastanza breve, perci\u00f2 adatto a tutti, a chi si divora mega libri in un giorno e a chi, come me, leggere non piace cos\u00ec tanto. La cosa che i miei lettori avranno in comune \u00e8 la voglia di sentirsi [&hellip;]<\/p>\n","protected":false},"author":2,"featured_media":0,"parent":0,"menu_order":0,"comment_status":"closed","ping_status":"closed","template":"","meta":{"footnotes":""},"class_list":["post-19","page","type-page","status-publish","hentry"],"yoast_head":"<!-- This site is optimized with the Yoast SEO plugin v26.6 - https:\/\/yoast.com\/wordpress\/plugins\/seo\/ -->\n<title>Il mio libro - I viaggi di Sara<\/title>\n<meta name=\"description\" content=\"&#039;Stupidi pensieri&#039; \u00e8 il titolo del mio libro. Ricordati che non sei solo, non sei l&#039;unico a essere succube della tua stessa mente.\" \/>\n<meta name=\"robots\" content=\"index, follow, max-snippet:-1, max-image-preview:large, max-video-preview:-1\" \/>\n<link rel=\"canonical\" href=\"https:\/\/iviaggidisara.com\/?page_id=19\" \/>\n<meta property=\"og:locale\" content=\"it_IT\" \/>\n<meta property=\"og:type\" content=\"article\" \/>\n<meta property=\"og:title\" content=\"Il mio libro - I viaggi di Sara\" \/>\n<meta property=\"og:description\" content=\"&#039;Stupidi pensieri&#039; \u00e8 il titolo del mio libro. Ricordati che non sei solo, non sei l&#039;unico a essere succube della tua stessa mente.\" \/>\n<meta property=\"og:url\" content=\"https:\/\/iviaggidisara.com\/?page_id=19\" \/>\n<meta property=\"og:site_name\" content=\"I viaggi di Sara\" \/>\n<meta property=\"article:modified_time\" content=\"2024-08-14T09:16:16+00:00\" \/>\n<meta property=\"og:image\" content=\"https:\/\/iviaggidisara.com\/wp-content\/uploads\/2024\/08\/modello-copertina-copia.jpg\" \/>\n<meta name=\"twitter:card\" content=\"summary_large_image\" \/>\n<meta name=\"twitter:label1\" content=\"Tempo di lettura stimato\" \/>\n\t<meta name=\"twitter:data1\" content=\"2 minuti\" \/>\n<script type=\"application\/ld+json\" class=\"yoast-schema-graph\">{\"@context\":\"https:\/\/schema.org\",\"@graph\":[{\"@type\":\"WebPage\",\"@id\":\"https:\/\/iviaggidisara.com\/?page_id=19\",\"url\":\"https:\/\/iviaggidisara.com\/?page_id=19\",\"name\":\"Il mio libro - I viaggi di Sara\",\"isPartOf\":{\"@id\":\"https:\/\/iviaggidisara.com\/#website\"},\"primaryImageOfPage\":{\"@id\":\"https:\/\/iviaggidisara.com\/?page_id=19#primaryimage\"},\"image\":{\"@id\":\"https:\/\/iviaggidisara.com\/?page_id=19#primaryimage\"},\"thumbnailUrl\":\"https:\/\/iviaggidisara.com\/wp-content\/uploads\/2024\/08\/modello-copertina-copia.jpg\",\"datePublished\":\"2022-09-29T08:34:08+00:00\",\"dateModified\":\"2024-08-14T09:16:16+00:00\",\"description\":\"'Stupidi pensieri' \u00e8 il titolo del mio libro. Ricordati che non sei solo, non sei l'unico a essere succube della tua stessa mente.\",\"breadcrumb\":{\"@id\":\"https:\/\/iviaggidisara.com\/?page_id=19#breadcrumb\"},\"inLanguage\":\"it-IT\",\"potentialAction\":[{\"@type\":\"ReadAction\",\"target\":[\"https:\/\/iviaggidisara.com\/?page_id=19\"]}]},{\"@type\":\"ImageObject\",\"inLanguage\":\"it-IT\",\"@id\":\"https:\/\/iviaggidisara.com\/?page_id=19#primaryimage\",\"url\":\"https:\/\/iviaggidisara.com\/wp-content\/uploads\/2024\/08\/modello-copertina-copia.jpg\",\"contentUrl\":\"https:\/\/iviaggidisara.com\/wp-content\/uploads\/2024\/08\/modello-copertina-copia.jpg\",\"width\":977,\"height\":1561},{\"@type\":\"BreadcrumbList\",\"@id\":\"https:\/\/iviaggidisara.com\/?page_id=19#breadcrumb\",\"itemListElement\":[{\"@type\":\"ListItem\",\"position\":1,\"name\":\"Home\",\"item\":\"https:\/\/iviaggidisara.com\/\"},{\"@type\":\"ListItem\",\"position\":2,\"name\":\"Il mio libro\"}]},{\"@type\":\"WebSite\",\"@id\":\"https:\/\/iviaggidisara.com\/#website\",\"url\":\"https:\/\/iviaggidisara.com\/\",\"name\":\"I viaggi di Sara\",\"description\":\"Viaggio spesso, sia con la valigia che con la mente\",\"publisher\":{\"@id\":\"https:\/\/iviaggidisara.com\/#organization\"},\"potentialAction\":[{\"@type\":\"SearchAction\",\"target\":{\"@type\":\"EntryPoint\",\"urlTemplate\":\"https:\/\/iviaggidisara.com\/?s={search_term_string}\"},\"query-input\":{\"@type\":\"PropertyValueSpecification\",\"valueRequired\":true,\"valueName\":\"search_term_string\"}}],\"inLanguage\":\"it-IT\"},{\"@type\":\"Organization\",\"@id\":\"https:\/\/iviaggidisara.com\/#organization\",\"name\":\"I viaggi di Sara\",\"url\":\"https:\/\/iviaggidisara.com\/\",\"logo\":{\"@type\":\"ImageObject\",\"inLanguage\":\"it-IT\",\"@id\":\"https:\/\/iviaggidisara.com\/#\/schema\/logo\/image\/\",\"url\":\"https:\/\/iviaggidisara.com\/wp-content\/uploads\/2022\/09\/logo-1.png\",\"contentUrl\":\"https:\/\/iviaggidisara.com\/wp-content\/uploads\/2022\/09\/logo-1.png\",\"width\":1000,\"height\":222,\"caption\":\"I viaggi di Sara\"},\"image\":{\"@id\":\"https:\/\/iviaggidisara.com\/#\/schema\/logo\/image\/\"}}]}<\/script>\n<!-- \/ Yoast SEO plugin. -->","yoast_head_json":{"title":"Il mio libro - I viaggi di Sara","description":"'Stupidi pensieri' \u00e8 il titolo del mio libro. Ricordati che non sei solo, non sei l'unico a essere succube della tua stessa mente.","robots":{"index":"index","follow":"follow","max-snippet":"max-snippet:-1","max-image-preview":"max-image-preview:large","max-video-preview":"max-video-preview:-1"},"canonical":"https:\/\/iviaggidisara.com\/?page_id=19","og_locale":"it_IT","og_type":"article","og_title":"Il mio libro - I viaggi di Sara","og_description":"'Stupidi pensieri' \u00e8 il titolo del mio libro. Ricordati che non sei solo, non sei l'unico a essere succube della tua stessa mente.","og_url":"https:\/\/iviaggidisara.com\/?page_id=19","og_site_name":"I viaggi di Sara","article_modified_time":"2024-08-14T09:16:16+00:00","og_image":[{"url":"https:\/\/iviaggidisara.com\/wp-content\/uploads\/2024\/08\/modello-copertina-copia.jpg","type":"","width":"","height":""}],"twitter_card":"summary_large_image","twitter_misc":{"Tempo di lettura stimato":"2 minuti"},"schema":{"@context":"https:\/\/schema.org","@graph":[{"@type":"WebPage","@id":"https:\/\/iviaggidisara.com\/?page_id=19","url":"https:\/\/iviaggidisara.com\/?page_id=19","name":"Il mio libro - I viaggi di Sara","isPartOf":{"@id":"https:\/\/iviaggidisara.com\/#website"},"primaryImageOfPage":{"@id":"https:\/\/iviaggidisara.com\/?page_id=19#primaryimage"},"image":{"@id":"https:\/\/iviaggidisara.com\/?page_id=19#primaryimage"},"thumbnailUrl":"https:\/\/iviaggidisara.com\/wp-content\/uploads\/2024\/08\/modello-copertina-copia.jpg","datePublished":"2022-09-29T08:34:08+00:00","dateModified":"2024-08-14T09:16:16+00:00","description":"'Stupidi pensieri' \u00e8 il titolo del mio libro. Ricordati che non sei solo, non sei l'unico a essere succube della tua stessa mente.","breadcrumb":{"@id":"https:\/\/iviaggidisara.com\/?page_id=19#breadcrumb"},"inLanguage":"it-IT","potentialAction":[{"@type":"ReadAction","target":["https:\/\/iviaggidisara.com\/?page_id=19"]}]},{"@type":"ImageObject","inLanguage":"it-IT","@id":"https:\/\/iviaggidisara.com\/?page_id=19#primaryimage","url":"https:\/\/iviaggidisara.com\/wp-content\/uploads\/2024\/08\/modello-copertina-copia.jpg","contentUrl":"https:\/\/iviaggidisara.com\/wp-content\/uploads\/2024\/08\/modello-copertina-copia.jpg","width":977,"height":1561},{"@type":"BreadcrumbList","@id":"https:\/\/iviaggidisara.com\/?page_id=19#breadcrumb","itemListElement":[{"@type":"ListItem","position":1,"name":"Home","item":"https:\/\/iviaggidisara.com\/"},{"@type":"ListItem","position":2,"name":"Il mio libro"}]},{"@type":"WebSite","@id":"https:\/\/iviaggidisara.com\/#website","url":"https:\/\/iviaggidisara.com\/","name":"I viaggi di Sara","description":"Viaggio spesso, sia con la valigia che con la mente","publisher":{"@id":"https:\/\/iviaggidisara.com\/#organization"},"potentialAction":[{"@type":"SearchAction","target":{"@type":"EntryPoint","urlTemplate":"https:\/\/iviaggidisara.com\/?s={search_term_string}"},"query-input":{"@type":"PropertyValueSpecification","valueRequired":true,"valueName":"search_term_string"}}],"inLanguage":"it-IT"},{"@type":"Organization","@id":"https:\/\/iviaggidisara.com\/#organization","name":"I viaggi di Sara","url":"https:\/\/iviaggidisara.com\/","logo":{"@type":"ImageObject","inLanguage":"it-IT","@id":"https:\/\/iviaggidisara.com\/#\/schema\/logo\/image\/","url":"https:\/\/iviaggidisara.com\/wp-content\/uploads\/2022\/09\/logo-1.png","contentUrl":"https:\/\/iviaggidisara.com\/wp-content\/uploads\/2022\/09\/logo-1.png","width":1000,"height":222,"caption":"I viaggi di Sara"},"image":{"@id":"https:\/\/iviaggidisara.com\/#\/schema\/logo\/image\/"}}]}},"_links":{"self":[{"href":"https:\/\/iviaggidisara.com\/index.php?rest_route=\/wp\/v2\/pages\/19","targetHints":{"allow":["GET"]}}],"collection":[{"href":"https:\/\/iviaggidisara.com\/index.php?rest_route=\/wp\/v2\/pages"}],"about":[{"href":"https:\/\/iviaggidisara.com\/index.php?rest_route=\/wp\/v2\/types\/page"}],"author":[{"embeddable":true,"href":"https:\/\/iviaggidisara.com\/index.php?rest_route=\/wp\/v2\/users\/2"}],"replies":[{"embeddable":true,"href":"https:\/\/iviaggidisara.com\/index.php?rest_route=%2Fwp%2Fv2%2Fcomments&post=19"}],"version-history":[{"count":12,"href":"https:\/\/iviaggidisara.com\/index.php?rest_route=\/wp\/v2\/pages\/19\/revisions"}],"predecessor-version":[{"id":186,"href":"https:\/\/iviaggidisara.com\/index.php?rest_route=\/wp\/v2\/pages\/19\/revisions\/186"}],"wp:attachment":[{"href":"https:\/\/iviaggidisara.com\/index.php?rest_route=%2Fwp%2Fv2%2Fmedia&parent=19"}],"curies":[{"name":"wp","href":"https:\/\/api.w.org\/{rel}","templated":true}]}}